{"id":1323,"date":"2020-06-15T16:31:54","date_gmt":"2020-06-15T15:31:54","guid":{"rendered":"https:\/\/www.dekellecigars.bootbase-compute.com\/cigares\/"},"modified":"2020-12-22T11:46:29","modified_gmt":"2020-12-22T10:46:29","slug":"cigares","status":"publish","type":"page","link":"https:\/\/dekellecigars.be\/fr\/cigares\/","title":{"rendered":"Cigares"},"content":{"rendered":"\t\t<div data-elementor-type=\"wp-page\" data-elementor-id=\"1323\" class=\"elementor elementor-1323 elementor-250\" data-elementor-post-type=\"page\">\n\t\t\t\t\t\t<section class=\"elementor-section elementor-top-section elementor-element elementor-element-7cbfd791 elementor-section-height-min-height elementor-section-content-middle elementor-section-boxed elementor-section-height-default elementor-section-items-middle\" data-id=\"7cbfd791\" data-element_type=\"section\" data-e-type=\"section\" data-settings=\"{&quot;background_background&quot;:&quot;classic&quot;}\">\n\t\t\t\t\t\t\t<div class=\"elementor-background-overlay\"><\/div>\n\t\t\t\t\t\t\t<div class=\"elementor-container elementor-column-gap-default\">\n\t\t\t\t\t<div class=\"elementor-column elementor-col-100 elementor-top-column elementor-element elementor-element-7848168f\" data-id=\"7848168f\" data-element_type=\"column\" data-e-type=\"column\">\n\t\t\t<div class=\"elementor-widget-wrap elementor-element-populated\">\n\t\t\t\t\t\t<div class=\"elementor-element elementor-element-06dfd01 elementor-widget elementor-widget-heading\" data-id=\"06dfd01\" data-element_type=\"widget\" data-e-type=\"widget\" data-widget_type=\"heading.default\">\n\t\t\t\t<div class=\"elementor-widget-container\">\n\t\t\t\t\t<h1 class=\"elementor-heading-title elementor-size-default\">Cigares<\/h1>\t\t\t\t<\/div>\n\t\t\t\t<\/div>\n\t\t\t\t<div class=\"elementor-element elementor-element-1318da0 elementor-widget-divider--view-line elementor-widget elementor-widget-divider\" data-id=\"1318da0\" data-element_type=\"widget\" data-e-type=\"widget\" data-widget_type=\"divider.default\">\n\t\t\t\t<div class=\"elementor-widget-container\">\n\t\t\t\t\t\t\t<div class=\"elementor-divider\">\n\t\t\t<span class=\"elementor-divider-separator\">\n\t\t\t\t\t\t<\/span>\n\t\t<\/div>\n\t\t\t\t\t\t<\/div>\n\t\t\t\t<\/div>\n\t\t\t\t<div class=\"elementor-element elementor-element-854d10c elementor-widget elementor-widget-heading\" data-id=\"854d10c\" data-element_type=\"widget\" data-e-type=\"widget\" data-widget_type=\"heading.default\">\n\t\t\t\t<div class=\"elementor-widget-container\">\n\t\t\t\t\t<h2 class=\"elementor-heading-title elementor-size-default\">Une offre exclusive de cigares de qualit\u00e9 sup\u00e9rieure.<\/h2>\t\t\t\t<\/div>\n\t\t\t\t<\/div>\n\t\t\t\t\t<\/div>\n\t\t<\/div>\n\t\t\t\t\t<\/div>\n\t\t<\/section>\n\t\t\t\t<section class=\"elementor-section elementor-top-section elementor-element elementor-element-aab5cdc elementor-section-content-middle elementor-section-boxed elementor-section-height-default elementor-section-height-default\" data-id=\"aab5cdc\" data-element_type=\"section\" data-e-type=\"section\" data-settings=\"{&quot;background_background&quot;:&quot;classic&quot;}\">\n\t\t\t\t\t\t<div class=\"elementor-container elementor-column-gap-no\">\n\t\t\t\t\t<div class=\"elementor-column elementor-col-100 elementor-top-column elementor-element elementor-element-7d74daf\" data-id=\"7d74daf\" data-element_type=\"column\" data-e-type=\"column\">\n\t\t\t<div class=\"elementor-widget-wrap elementor-element-populated\">\n\t\t\t\t\t\t<div class=\"elementor-element elementor-element-fcd0945 elementor-widget elementor-widget-text-editor\" data-id=\"fcd0945\" data-element_type=\"widget\" data-e-type=\"widget\" data-widget_type=\"text-editor.default\">\n\t\t\t\t<div class=\"elementor-widget-container\">\n\t\t\t\t\t\t\t\t\t<p>En tant qu&rsquo;amateur de cigares, vous \u00eates \u00e0 la bonne adresse chez <em>De\u00a0Kelle\u00a0Cigars<\/em>. Notre magasin est l\u2019endroit id\u00e9al pour d\u00e9couvrir les saveurs les plus raffin\u00e9es. Avec un large choix de long fillers de qualit\u00e9 sup\u00e9rieure, vous trouverez \u00e0 coup s\u00fbr votre bonheur. \u00c0 c\u00f4t\u00e9 des classiques cubains, nous vous proposons \u00e9galement une s\u00e9lection de cigares de qualit\u00e9, provenant entre autres du Nicaragua et de R\u00e9publique dominicaine.<\/p>\n<p>Chez <em>De\u00a0Kelle\u00a0Cigars<\/em>, la connaissance et la qualit\u00e9 sont essentielles. Voil\u00e0 pourquoi Christof et Nancy vous aideront volontiers \u00e0 trouver le cigare parfait pour vous. Ce n&rsquo;est pas pour rien que nous affichons le label Habanos Specialist. Un label de qualit\u00e9 exclusif et fiable destin\u00e9 aux meilleurs \u00e9tablissements sp\u00e9cialis\u00e9s en tabacs.<\/p>\n\t\t\t\t\t\t\t\t<\/div>\n\t\t\t\t<\/div>\n\t\t\t\t<section class=\"elementor-section elementor-inner-section elementor-element elementor-element-6b5681a elementor-section-boxed elementor-section-height-default elementor-section-height-default\" data-id=\"6b5681a\" data-element_type=\"section\" data-e-type=\"section\">\n\t\t\t\t\t\t<div class=\"elementor-container elementor-column-gap-default\">\n\t\t\t\t\t<div class=\"elementor-column elementor-col-50 elementor-inner-column elementor-element elementor-element-38a8064\" data-id=\"38a8064\" data-element_type=\"column\" data-e-type=\"column\">\n\t\t\t<div class=\"elementor-widget-wrap elementor-element-populated\">\n\t\t\t\t\t\t<div class=\"elementor-element elementor-element-0e8eebd elementor-widget elementor-widget-image\" data-id=\"0e8eebd\" data-element_type=\"widget\" data-e-type=\"widget\" data-widget_type=\"image.default\">\n\t\t\t\t<div class=\"elementor-widget-container\">\n\t\t\t\t\t\t\t\t\t\t\t\t\t\t\t<img decoding=\"async\" width=\"75\" height=\"100\" src=\"https:\/\/dekellecigars.be\/wp-content\/uploads\/2020\/04\/logo_havanas.jpg\" class=\"attachment-full size-full wp-image-670\" alt=\"\" \/>\t\t\t\t\t\t\t\t\t\t\t\t\t\t\t<\/div>\n\t\t\t\t<\/div>\n\t\t\t\t\t<\/div>\n\t\t<\/div>\n\t\t\t\t<div class=\"elementor-column elementor-col-50 elementor-inner-column elementor-element elementor-element-7077376\" data-id=\"7077376\" data-element_type=\"column\" data-e-type=\"column\">\n\t\t\t<div class=\"elementor-widget-wrap elementor-element-populated\">\n\t\t\t\t\t\t<div class=\"elementor-element elementor-element-c5ae671 elementor-widget elementor-widget-image\" data-id=\"c5ae671\" data-element_type=\"widget\" data-e-type=\"widget\" data-widget_type=\"image.default\">\n\t\t\t\t<div class=\"elementor-widget-container\">\n\t\t\t\t\t\t\t\t\t\t\t\t\t\t\t<img decoding=\"async\" width=\"257\" height=\"100\" src=\"https:\/\/dekellecigars.be\/wp-content\/uploads\/2020\/04\/logo_nicaragua.jpg\" class=\"attachment-full size-full wp-image-673\" alt=\"\" srcset=\"https:\/\/dekellecigars.be\/wp-content\/uploads\/2020\/04\/logo_nicaragua.jpg 257w, https:\/\/dekellecigars.be\/wp-content\/uploads\/2020\/04\/logo_nicaragua-150x58.jpg 150w\" sizes=\"(max-width: 257px) 100vw, 257px\" \/>\t\t\t\t\t\t\t\t\t\t\t\t\t\t\t<\/div>\n\t\t\t\t<\/div>\n\t\t\t\t\t<\/div>\n\t\t<\/div>\n\t\t\t\t\t<\/div>\n\t\t<\/section>\n\t\t\t\t\t<\/div>\n\t\t<\/div>\n\t\t\t\t\t<\/div>\n\t\t<\/section>\n\t\t\t\t<section class=\"elementor-section elementor-top-section elementor-element elementor-element-1332018b elementor-section-boxed elementor-section-height-default elementor-section-height-default\" data-id=\"1332018b\" data-element_type=\"section\" data-e-type=\"section\" data-settings=\"{&quot;background_background&quot;:&quot;classic&quot;}\">\n\t\t\t\t\t\t<div class=\"elementor-container elementor-column-gap-no\">\n\t\t\t\t\t<div class=\"elementor-column elementor-col-100 elementor-top-column elementor-element elementor-element-5456149f\" data-id=\"5456149f\" data-element_type=\"column\" data-e-type=\"column\">\n\t\t\t<div class=\"elementor-widget-wrap elementor-element-populated\">\n\t\t\t\t\t\t<section class=\"elementor-section elementor-inner-section elementor-element elementor-element-57a78908 elementor-section-content-middle elementor-section-boxed elementor-section-height-default elementor-section-height-default\" data-id=\"57a78908\" data-element_type=\"section\" data-e-type=\"section\">\n\t\t\t\t\t\t<div class=\"elementor-container elementor-column-gap-no\">\n\t\t\t\t\t<div class=\"elementor-column elementor-col-50 elementor-inner-column elementor-element elementor-element-1246bf3b\" data-id=\"1246bf3b\" data-element_type=\"column\" data-e-type=\"column\" data-settings=\"{&quot;background_background&quot;:&quot;classic&quot;}\">\n\t\t\t<div class=\"elementor-widget-wrap elementor-element-populated\">\n\t\t\t\t\t\t<div class=\"elementor-element elementor-element-7ab7c7e0 elementor-widget elementor-widget-heading\" data-id=\"7ab7c7e0\" data-element_type=\"widget\" data-e-type=\"widget\" data-widget_type=\"heading.default\">\n\t\t\t\t<div class=\"elementor-widget-container\">\n\t\t\t\t\t<h3 class=\"elementor-heading-title elementor-size-default\">Votre cigare, parfaitement conserv\u00e9<\/h3>\t\t\t\t<\/div>\n\t\t\t\t<\/div>\n\t\t\t\t<div class=\"elementor-element elementor-element-144726d9 elementor-widget-divider--view-line elementor-widget elementor-widget-divider\" data-id=\"144726d9\" data-element_type=\"widget\" data-e-type=\"widget\" data-widget_type=\"divider.default\">\n\t\t\t\t<div class=\"elementor-widget-container\">\n\t\t\t\t\t\t\t<div class=\"elementor-divider\">\n\t\t\t<span class=\"elementor-divider-separator\">\n\t\t\t\t\t\t<\/span>\n\t\t<\/div>\n\t\t\t\t\t\t<\/div>\n\t\t\t\t<\/div>\n\t\t\t\t<div class=\"elementor-element elementor-element-26e7b016 elementor-widget elementor-widget-text-editor\" data-id=\"26e7b016\" data-element_type=\"widget\" data-e-type=\"widget\" data-widget_type=\"text-editor.default\">\n\t\t\t\t<div class=\"elementor-widget-container\">\n\t\t\t\t\t\t\t\t\t<p>Gr\u00e2ce \u00e0 notre walk-in humidor, nos cigares sont stock\u00e9s dans des conditions optimales. Nous vous garantissons ainsi la meilleure qualit\u00e9.<\/p>\n\t\t\t\t\t\t\t\t<\/div>\n\t\t\t\t<\/div>\n\t\t\t\t<div class=\"elementor-element elementor-element-56da3e4d elementor-align-left elementor-widget elementor-widget-button\" data-id=\"56da3e4d\" data-element_type=\"widget\" data-e-type=\"widget\" data-widget_type=\"button.default\">\n\t\t\t\t<div class=\"elementor-widget-container\">\n\t\t\t\t\t\t\t\t\t<div class=\"elementor-button-wrapper\">\n\t\t\t\t\t<a class=\"elementor-button elementor-button-link elementor-size-sm\" href=\"https:\/\/dekellecigars.be\/walk-in-humidor\/?lang=fr\">\n\t\t\t\t\t\t<span class=\"elementor-button-content-wrapper\">\n\t\t\t\t\t\t\t\t\t<span class=\"elementor-button-text\">Jetez un coup d\u2019\u0153il<\/span>\n\t\t\t\t\t<\/span>\n\t\t\t\t\t<\/a>\n\t\t\t\t<\/div>\n\t\t\t\t\t\t\t\t<\/div>\n\t\t\t\t<\/div>\n\t\t\t\t\t<\/div>\n\t\t<\/div>\n\t\t\t\t<div class=\"elementor-column elementor-col-50 elementor-inner-column elementor-element elementor-element-2207c6eb\" data-id=\"2207c6eb\" data-element_type=\"column\" data-e-type=\"column\" data-settings=\"{&quot;background_background&quot;:&quot;classic&quot;}\">\n\t\t\t<div class=\"elementor-widget-wrap elementor-element-populated\">\n\t\t\t\t\t\t<div class=\"elementor-element elementor-element-63a72f20 elementor-widget elementor-widget-spacer\" data-id=\"63a72f20\" data-element_type=\"widget\" data-e-type=\"widget\" data-widget_type=\"spacer.default\">\n\t\t\t\t<div class=\"elementor-widget-container\">\n\t\t\t\t\t\t\t<div class=\"elementor-spacer\">\n\t\t\t<div class=\"elementor-spacer-inner\"><\/div>\n\t\t<\/div>\n\t\t\t\t\t\t<\/div>\n\t\t\t\t<\/div>\n\t\t\t\t\t<\/div>\n\t\t<\/div>\n\t\t\t\t\t<\/div>\n\t\t<\/section>\n\t\t\t\t\t<\/div>\n\t\t<\/div>\n\t\t\t\t\t<\/div>\n\t\t<\/section>\n\t\t\t\t<section class=\"elementor-section elementor-top-section elementor-element elementor-element-49bb90b6 elementor-section-content-middle elementor-section-boxed elementor-section-height-default elementor-section-height-default\" data-id=\"49bb90b6\" data-element_type=\"section\" data-e-type=\"section\" data-settings=\"{&quot;background_background&quot;:&quot;classic&quot;}\">\n\t\t\t\t\t\t\t<div class=\"elementor-background-overlay\"><\/div>\n\t\t\t\t\t\t\t<div class=\"elementor-container elementor-column-gap-default\">\n\t\t\t\t\t<div class=\"elementor-column elementor-col-50 elementor-top-column elementor-element elementor-element-179c0edc\" data-id=\"179c0edc\" data-element_type=\"column\" data-e-type=\"column\">\n\t\t\t<div class=\"elementor-widget-wrap elementor-element-populated\">\n\t\t\t\t\t\t<div class=\"elementor-element elementor-element-67071b0d elementor-widget elementor-widget-heading\" data-id=\"67071b0d\" data-element_type=\"widget\" data-e-type=\"widget\" data-widget_type=\"heading.default\">\n\t\t\t\t<div class=\"elementor-widget-container\">\n\t\t\t\t\t<h3 class=\"elementor-heading-title elementor-size-default\">Trouvez le cigare id\u00e9al dans notre magasin.<\/h3>\t\t\t\t<\/div>\n\t\t\t\t<\/div>\n\t\t\t\t<div class=\"elementor-element elementor-element-2d3eb4a2 elementor-widget-divider--view-line elementor-widget elementor-widget-divider\" data-id=\"2d3eb4a2\" data-element_type=\"widget\" data-e-type=\"widget\" data-widget_type=\"divider.default\">\n\t\t\t\t<div class=\"elementor-widget-container\">\n\t\t\t\t\t\t\t<div class=\"elementor-divider\">\n\t\t\t<span class=\"elementor-divider-separator\">\n\t\t\t\t\t\t<\/span>\n\t\t<\/div>\n\t\t\t\t\t\t<\/div>\n\t\t\t\t<\/div>\n\t\t\t\t<div class=\"elementor-element elementor-element-57ca918a elementor-icon-list--layout-traditional elementor-list-item-link-full_width elementor-widget elementor-widget-icon-list\" data-id=\"57ca918a\" data-element_type=\"widget\" data-e-type=\"widget\" data-widget_type=\"icon-list.default\">\n\t\t\t\t<div class=\"elementor-widget-container\">\n\t\t\t\t\t\t\t<ul class=\"elementor-icon-list-items\">\n\t\t\t\t\t\t\t<li class=\"elementor-icon-list-item\">\n\t\t\t\t\t\t\t\t\t\t\t<span class=\"elementor-icon-list-icon\">\n\t\t\t\t\t\t\t<i aria-hidden=\"true\" class=\"fas fa-map-marker-alt\"><\/i>\t\t\t\t\t\t<\/span>\n\t\t\t\t\t\t\t\t\t\t<span class=\"elementor-icon-list-text\">Brusselsesteenweg 320, 3090 Overijse, Belgique<\/span>\n\t\t\t\t\t\t\t\t\t<\/li>\n\t\t\t\t\t\t\t\t<li class=\"elementor-icon-list-item\">\n\t\t\t\t\t\t\t\t\t\t\t<span class=\"elementor-icon-list-icon\">\n\t\t\t\t\t\t\t<i aria-hidden=\"true\" class=\"fas fa-envelope-square\"><\/i>\t\t\t\t\t\t<\/span>\n\t\t\t\t\t\t\t\t\t\t<span class=\"elementor-icon-list-text\">info@dekellecigars.be<\/span>\n\t\t\t\t\t\t\t\t\t<\/li>\n\t\t\t\t\t\t\t\t<li class=\"elementor-icon-list-item\">\n\t\t\t\t\t\t\t\t\t\t\t<span class=\"elementor-icon-list-icon\">\n\t\t\t\t\t\t\t<i aria-hidden=\"true\" class=\"fas fa-phone-square\"><\/i>\t\t\t\t\t\t<\/span>\n\t\t\t\t\t\t\t\t\t\t<span class=\"elementor-icon-list-text\">+32 2 687 40 60<\/span>\n\t\t\t\t\t\t\t\t\t<\/li>\n\t\t\t\t\t\t<\/ul>\n\t\t\t\t\t\t<\/div>\n\t\t\t\t<\/div>\n\t\t\t\t<div class=\"elementor-element elementor-element-77f50cb5 elementor-align-left elementor-widget elementor-widget-button\" data-id=\"77f50cb5\" data-element_type=\"widget\" data-e-type=\"widget\" data-widget_type=\"button.default\">\n\t\t\t\t<div class=\"elementor-widget-container\">\n\t\t\t\t\t\t\t\t\t<div class=\"elementor-button-wrapper\">\n\t\t\t\t\t<a class=\"elementor-button elementor-button-link elementor-size-sm\" href=\"https:\/\/dekellecigars.be\/contact\/?lang=fr\">\n\t\t\t\t\t\t<span class=\"elementor-button-content-wrapper\">\n\t\t\t\t\t\t\t\t\t<span class=\"elementor-button-text\">Envoyez-nous un message<\/span>\n\t\t\t\t\t<\/span>\n\t\t\t\t\t<\/a>\n\t\t\t\t<\/div>\n\t\t\t\t\t\t\t\t<\/div>\n\t\t\t\t<\/div>\n\t\t\t\t\t<\/div>\n\t\t<\/div>\n\t\t\t\t<div class=\"elementor-column elementor-col-50 elementor-top-column elementor-element elementor-element-37688e0\" data-id=\"37688e0\" data-element_type=\"column\" data-e-type=\"column\">\n\t\t\t<div class=\"elementor-widget-wrap elementor-element-populated\">\n\t\t\t\t\t\t<div class=\"elementor-element elementor-element-4a564216 elementor-widget elementor-widget-google_maps\" data-id=\"4a564216\" data-element_type=\"widget\" data-e-type=\"widget\" data-widget_type=\"google_maps.default\">\n\t\t\t\t<div class=\"elementor-widget-container\">\n\t\t\t\t\t\t\t<div class=\"elementor-custom-embed\">\n\t\t\t<iframe loading=\"lazy\"\n\t\t\t\t\tsrc=\"https:\/\/maps.google.com\/maps?q=Brusselsesteenweg%20320%2C%203090%20Overijse&#038;t=m&#038;z=15&#038;output=embed&#038;iwloc=near\"\n\t\t\t\t\ttitle=\"Brusselsesteenweg 320, 3090 Overijse\"\n\t\t\t\t\taria-label=\"Brusselsesteenweg 320, 3090 Overijse\"\n\t\t\t><\/iframe>\n\t\t<\/div>\n\t\t\t\t\t\t<\/div>\n\t\t\t\t<\/div>\n\t\t\t\t\t<\/div>\n\t\t<\/div>\n\t\t\t\t\t<\/div>\n\t\t<\/section>\n\t\t\t\t<\/div>\n\t\t","protected":false},"excerpt":{"rendered":"<p>Cigares Une offre exclusive de cigares de qualit\u00e9 sup\u00e9rieure. En tant qu&rsquo;amateur de cigares, vous \u00eates \u00e0 la bonne adresse chez De\u00a0Kelle\u00a0Cigars. Notre magasin est l\u2019endroit id\u00e9al pour d\u00e9couvrir les saveurs les plus raffin\u00e9es. Avec un large choix de long fillers de qualit\u00e9 sup\u00e9rieure, vous trouverez \u00e0 coup s\u00fbr votre bonheur. \u00c0 c\u00f4t\u00e9 des classiques [&hellip;]<\/p>\n","protected":false},"author":2,"featured_media":0,"parent":0,"menu_order":0,"comment_status":"closed","ping_status":"closed","template":"elementor_header_footer","meta":{"_monsterinsights_skip_tracking":false,"_monsterinsights_sitenote_active":false,"_monsterinsights_sitenote_note":"","_monsterinsights_sitenote_category":0,"footnotes":""},"class_list":["post-1323","page","type-page","status-publish","hentry"],"yoast_head":"<!-- This site is optimized with the Yoast SEO plugin v27.4 - https:\/\/yoast.com\/product\/yoast-seo-wordpress\/ -->\n<title>Acheter des cigares long filler exclusifs \u00e0 Overijse - De Kelle Cigars<\/title>\n<meta name=\"description\" content=\"Un large assortiment de cigares long filler de qualit\u00e9 sup\u00e9rieure. Vous trouverez chez nous des cigares provenant de Cuba, du Nicaragua, de R\u00e9publique dominicaine et de bien d\u2019autres pays.\" \/>\n<meta name=\"robots\" content=\"index, follow, max-snippet:-1, max-image-preview:large, max-video-preview:-1\" \/>\n<link rel=\"canonical\" href=\"https:\/\/dekellecigars.be\/fr\/cigares\/\" \/>\n<meta property=\"og:locale\" content=\"fr_FR\" \/>\n<meta property=\"og:type\" content=\"article\" \/>\n<meta property=\"og:title\" content=\"Acheter des cigares long filler exclusifs \u00e0 Overijse\" \/>\n<meta property=\"og:description\" content=\"Un large assortiment de cigares long filler de qualit\u00e9 sup\u00e9rieure. Vous trouverez chez nous des cigares provenant de Cuba, du Nicaragua, de R\u00e9publique dominicaine et de bien d\u2019autres pays.\" \/>\n<meta property=\"og:url\" content=\"https:\/\/dekellecigars.be\/fr\/cigares\/\" \/>\n<meta property=\"og:site_name\" content=\"De Kelle Cigars\" \/>\n<meta property=\"article:modified_time\" content=\"2020-12-22T10:46:29+00:00\" \/>\n<meta property=\"og:image\" content=\"https:\/\/dekellecigars.be\/wp-content\/uploads\/2020\/07\/fb_cigars.jpg\" \/>\n<meta name=\"twitter:card\" content=\"summary_large_image\" \/>\n<meta name=\"twitter:label1\" content=\"Dur\u00e9e de lecture estim\u00e9e\" \/>\n\t<meta name=\"twitter:data1\" content=\"1 minute\" \/>\n<script type=\"application\/ld+json\" class=\"yoast-schema-graph\">{\"@context\":\"https:\\\/\\\/schema.org\",\"@graph\":[{\"@type\":\"WebPage\",\"@id\":\"https:\\\/\\\/dekellecigars.be\\\/fr\\\/cigares\\\/\",\"url\":\"https:\\\/\\\/dekellecigars.be\\\/fr\\\/cigares\\\/\",\"name\":\"Acheter des cigares long filler exclusifs \u00e0 Overijse - De Kelle Cigars\",\"isPartOf\":{\"@id\":\"https:\\\/\\\/dekellecigars.be\\\/fr\\\/#website\"},\"primaryImageOfPage\":{\"@id\":\"https:\\\/\\\/dekellecigars.be\\\/fr\\\/cigares\\\/#primaryimage\"},\"image\":{\"@id\":\"https:\\\/\\\/dekellecigars.be\\\/fr\\\/cigares\\\/#primaryimage\"},\"thumbnailUrl\":\"https:\\\/\\\/dekellecigars.be\\\/wp-content\\\/uploads\\\/2020\\\/04\\\/logo_havanas.jpg\",\"datePublished\":\"2020-06-15T15:31:54+00:00\",\"dateModified\":\"2020-12-22T10:46:29+00:00\",\"description\":\"Un large assortiment de cigares long filler de qualit\u00e9 sup\u00e9rieure. Vous trouverez chez nous des cigares provenant de Cuba, du Nicaragua, de R\u00e9publique dominicaine et de bien d\u2019autres pays.\",\"breadcrumb\":{\"@id\":\"https:\\\/\\\/dekellecigars.be\\\/fr\\\/cigares\\\/#breadcrumb\"},\"inLanguage\":\"fr-FR\",\"potentialAction\":[{\"@type\":\"ReadAction\",\"target\":[\"https:\\\/\\\/dekellecigars.be\\\/fr\\\/cigares\\\/\"]}]},{\"@type\":\"ImageObject\",\"inLanguage\":\"fr-FR\",\"@id\":\"https:\\\/\\\/dekellecigars.be\\\/fr\\\/cigares\\\/#primaryimage\",\"url\":\"https:\\\/\\\/dekellecigars.be\\\/wp-content\\\/uploads\\\/2020\\\/04\\\/logo_havanas.jpg\",\"contentUrl\":\"https:\\\/\\\/dekellecigars.be\\\/wp-content\\\/uploads\\\/2020\\\/04\\\/logo_havanas.jpg\"},{\"@type\":\"BreadcrumbList\",\"@id\":\"https:\\\/\\\/dekellecigars.be\\\/fr\\\/cigares\\\/#breadcrumb\",\"itemListElement\":[{\"@type\":\"ListItem\",\"position\":1,\"name\":\"Home\",\"item\":\"https:\\\/\\\/dekellecigars.be\\\/fr\\\/\"},{\"@type\":\"ListItem\",\"position\":2,\"name\":\"Cigares\"}]},{\"@type\":\"WebSite\",\"@id\":\"https:\\\/\\\/dekellecigars.be\\\/fr\\\/#website\",\"url\":\"https:\\\/\\\/dekellecigars.be\\\/fr\\\/\",\"name\":\"De Kelle Cigars\",\"description\":\"Sigarenspecialist en conceptwinkel in Overijse\",\"potentialAction\":[{\"@type\":\"SearchAction\",\"target\":{\"@type\":\"EntryPoint\",\"urlTemplate\":\"https:\\\/\\\/dekellecigars.be\\\/fr\\\/?s={search_term_string}\"},\"query-input\":{\"@type\":\"PropertyValueSpecification\",\"valueRequired\":true,\"valueName\":\"search_term_string\"}}],\"inLanguage\":\"fr-FR\"}]}<\/script>\n<!-- \/ Yoast SEO plugin. -->","yoast_head_json":{"title":"Acheter des cigares long filler exclusifs \u00e0 Overijse - De Kelle Cigars","description":"Un large assortiment de cigares long filler de qualit\u00e9 sup\u00e9rieure. Vous trouverez chez nous des cigares provenant de Cuba, du Nicaragua, de R\u00e9publique dominicaine et de bien d\u2019autres pays.","robots":{"index":"index","follow":"follow","max-snippet":"max-snippet:-1","max-image-preview":"max-image-preview:large","max-video-preview":"max-video-preview:-1"},"canonical":"https:\/\/dekellecigars.be\/fr\/cigares\/","og_locale":"fr_FR","og_type":"article","og_title":"Acheter des cigares long filler exclusifs \u00e0 Overijse","og_description":"Un large assortiment de cigares long filler de qualit\u00e9 sup\u00e9rieure. Vous trouverez chez nous des cigares provenant de Cuba, du Nicaragua, de R\u00e9publique dominicaine et de bien d\u2019autres pays.","og_url":"https:\/\/dekellecigars.be\/fr\/cigares\/","og_site_name":"De Kelle Cigars","article_modified_time":"2020-12-22T10:46:29+00:00","og_image":[{"url":"https:\/\/dekellecigars.be\/wp-content\/uploads\/2020\/07\/fb_cigars.jpg","type":"","width":"","height":""}],"twitter_card":"summary_large_image","twitter_misc":{"Dur\u00e9e de lecture estim\u00e9e":"1 minute"},"schema":{"@context":"https:\/\/schema.org","@graph":[{"@type":"WebPage","@id":"https:\/\/dekellecigars.be\/fr\/cigares\/","url":"https:\/\/dekellecigars.be\/fr\/cigares\/","name":"Acheter des cigares long filler exclusifs \u00e0 Overijse - De Kelle Cigars","isPartOf":{"@id":"https:\/\/dekellecigars.be\/fr\/#website"},"primaryImageOfPage":{"@id":"https:\/\/dekellecigars.be\/fr\/cigares\/#primaryimage"},"image":{"@id":"https:\/\/dekellecigars.be\/fr\/cigares\/#primaryimage"},"thumbnailUrl":"https:\/\/dekellecigars.be\/wp-content\/uploads\/2020\/04\/logo_havanas.jpg","datePublished":"2020-06-15T15:31:54+00:00","dateModified":"2020-12-22T10:46:29+00:00","description":"Un large assortiment de cigares long filler de qualit\u00e9 sup\u00e9rieure. Vous trouverez chez nous des cigares provenant de Cuba, du Nicaragua, de R\u00e9publique dominicaine et de bien d\u2019autres pays.","breadcrumb":{"@id":"https:\/\/dekellecigars.be\/fr\/cigares\/#breadcrumb"},"inLanguage":"fr-FR","potentialAction":[{"@type":"ReadAction","target":["https:\/\/dekellecigars.be\/fr\/cigares\/"]}]},{"@type":"ImageObject","inLanguage":"fr-FR","@id":"https:\/\/dekellecigars.be\/fr\/cigares\/#primaryimage","url":"https:\/\/dekellecigars.be\/wp-content\/uploads\/2020\/04\/logo_havanas.jpg","contentUrl":"https:\/\/dekellecigars.be\/wp-content\/uploads\/2020\/04\/logo_havanas.jpg"},{"@type":"BreadcrumbList","@id":"https:\/\/dekellecigars.be\/fr\/cigares\/#breadcrumb","itemListElement":[{"@type":"ListItem","position":1,"name":"Home","item":"https:\/\/dekellecigars.be\/fr\/"},{"@type":"ListItem","position":2,"name":"Cigares"}]},{"@type":"WebSite","@id":"https:\/\/dekellecigars.be\/fr\/#website","url":"https:\/\/dekellecigars.be\/fr\/","name":"De Kelle Cigars","description":"Sigarenspecialist en conceptwinkel in Overijse","potentialAction":[{"@type":"SearchAction","target":{"@type":"EntryPoint","urlTemplate":"https:\/\/dekellecigars.be\/fr\/?s={search_term_string}"},"query-input":{"@type":"PropertyValueSpecification","valueRequired":true,"valueName":"search_term_string"}}],"inLanguage":"fr-FR"}]}},"_links":{"self":[{"href":"https:\/\/dekellecigars.be\/fr\/wp-json\/wp\/v2\/pages\/1323","targetHints":{"allow":["GET"]}}],"collection":[{"href":"https:\/\/dekellecigars.be\/fr\/wp-json\/wp\/v2\/pages"}],"about":[{"href":"https:\/\/dekellecigars.be\/fr\/wp-json\/wp\/v2\/types\/page"}],"author":[{"embeddable":true,"href":"https:\/\/dekellecigars.be\/fr\/wp-json\/wp\/v2\/users\/2"}],"replies":[{"embeddable":true,"href":"https:\/\/dekellecigars.be\/fr\/wp-json\/wp\/v2\/comments?post=1323"}],"version-history":[{"count":5,"href":"https:\/\/dekellecigars.be\/fr\/wp-json\/wp\/v2\/pages\/1323\/revisions"}],"predecessor-version":[{"id":2433,"href":"https:\/\/dekellecigars.be\/fr\/wp-json\/wp\/v2\/pages\/1323\/revisions\/2433"}],"wp:attachment":[{"href":"https:\/\/dekellecigars.be\/fr\/wp-json\/wp\/v2\/media?parent=1323"}],"curies":[{"name":"wp","href":"https:\/\/api.w.org\/{rel}","templated":true}]}}